{"id":27,"date":"2016-06-09T06:43:28","date_gmt":"2016-06-09T06:43:28","guid":{"rendered":"https:\/\/www.chateaudeviviez.net\/home\/"},"modified":"2026-04-15T16:50:37","modified_gmt":"2026-04-15T16:50:37","slug":"chateau","status":"publish","type":"page","link":"https:\/\/chateaudeviviez.net\/nl\/","title":{"rendered":"Home"},"content":{"rendered":"","protected":false},"excerpt":{"rendered":"","protected":false},"author":1,"featured_media":0,"parent":0,"menu_order":0,"comment_status":"closed","ping_status":"closed","template":"","meta":{"footnotes":""},"class_list":["post-27","page","type-page","status-publish","hentry"],"yoast_head":"<!-- This site is optimized with the Yoast SEO plugin v27.4 - https:\/\/yoast.com\/product\/yoast-seo-wordpress\/ -->\n<title>Chateau de Viviez - Chambres d&#039;H\u00f4tes in Viviez (Aveyron)<\/title>\n<meta name=\"description\" content=\"Sfeervolle Nederlandse Chambres d&#039;H\u00f4tes in Viviez met 5 kamers inclusief eigen sanitair. Binnenzwembad aanwezig. Table d&#039;H\u00f4tes is mogelijk. Gratis WiFi beschikbaar.\" \/>\n<meta name=\"robots\" content=\"index, follow, max-snippet:-1, max-image-preview:large, max-video-preview:-1\" \/>\n<link rel=\"canonical\" href=\"https:\/\/chateaudeviviez.net\/nl\/\" \/>\n<meta property=\"og:locale\" content=\"nl_NL\" \/>\n<meta property=\"og:type\" content=\"article\" \/>\n<meta property=\"og:title\" content=\"Chateau de Viviez - Chambres d&#039;H\u00f4tes in Viviez (Aveyron)\" \/>\n<meta property=\"og:description\" content=\"Sfeervolle Nederlandse Chambres d&#039;H\u00f4tes in Viviez met 5 kamers inclusief eigen sanitair. Binnenzwembad aanwezig. Table d&#039;H\u00f4tes is mogelijk. Gratis WiFi beschikbaar.\" \/>\n<meta property=\"og:url\" content=\"https:\/\/chateaudeviviez.net\/nl\/\" \/>\n<meta property=\"og:site_name\" content=\"Chateau de Viviez\" \/>\n<meta property=\"article:publisher\" content=\"https:\/\/www.facebook.com\/chateaudeviviez\" \/>\n<meta property=\"article:modified_time\" content=\"2026-04-15T16:50:37+00:00\" \/>\n<meta name=\"twitter:card\" content=\"summary_large_image\" \/>\n<script type=\"application\/ld+json\" class=\"yoast-schema-graph\">{\"@context\":\"https:\\\/\\\/schema.org\",\"@graph\":[{\"@type\":\"WebPage\",\"@id\":\"https:\\\/\\\/chateaudeviviez.net\\\/nl\\\/\",\"url\":\"https:\\\/\\\/chateaudeviviez.net\\\/nl\\\/\",\"name\":\"Chateau de Viviez - Chambres d'H\u00f4tes in Viviez (Aveyron)\",\"isPartOf\":{\"@id\":\"https:\\\/\\\/chateaudeviviez.net\\\/nl\\\/#website\"},\"datePublished\":\"2016-06-09T06:43:28+00:00\",\"dateModified\":\"2026-04-15T16:50:37+00:00\",\"description\":\"Sfeervolle Nederlandse Chambres d'H\u00f4tes in Viviez met 5 kamers inclusief eigen sanitair. Binnenzwembad aanwezig. Table d'H\u00f4tes is mogelijk. Gratis WiFi beschikbaar.\",\"breadcrumb\":{\"@id\":\"https:\\\/\\\/chateaudeviviez.net\\\/nl\\\/#breadcrumb\"},\"inLanguage\":\"nl-NL\",\"potentialAction\":[{\"@type\":\"ReadAction\",\"target\":[\"https:\\\/\\\/chateaudeviviez.net\\\/nl\\\/\"]}]},{\"@type\":\"BreadcrumbList\",\"@id\":\"https:\\\/\\\/chateaudeviviez.net\\\/nl\\\/#breadcrumb\",\"itemListElement\":[{\"@type\":\"ListItem\",\"position\":1,\"name\":\"Home\",\"item\":\"https:\\\/\\\/chateaudeviviez.net\\\/nl\\\/\"},{\"@type\":\"ListItem\",\"position\":2,\"name\":\"Home\"}]},{\"@type\":\"WebSite\",\"@id\":\"https:\\\/\\\/chateaudeviviez.net\\\/nl\\\/#website\",\"url\":\"https:\\\/\\\/chateaudeviviez.net\\\/nl\\\/\",\"name\":\"Chateau de Viviez\",\"description\":\"Gemeubileerd vakantie kasteel en prachtige Chamre d&rsquo;h&ocirc;tes in de Aveyron en vallei van de Lot\",\"publisher\":{\"@id\":\"https:\\\/\\\/chateaudeviviez.net\\\/nl\\\/#organization\"},\"potentialAction\":[{\"@type\":\"SearchAction\",\"target\":{\"@type\":\"EntryPoint\",\"urlTemplate\":\"https:\\\/\\\/chateaudeviviez.net\\\/nl\\\/?s={search_term_string}\"},\"query-input\":{\"@type\":\"PropertyValueSpecification\",\"valueRequired\":true,\"valueName\":\"search_term_string\"}}],\"inLanguage\":\"nl-NL\"},{\"@type\":\"Organization\",\"@id\":\"https:\\\/\\\/chateaudeviviez.net\\\/nl\\\/#organization\",\"name\":\"Chateau de Viviez\",\"url\":\"https:\\\/\\\/chateaudeviviez.net\\\/nl\\\/\",\"logo\":{\"@type\":\"ImageObject\",\"inLanguage\":\"nl-NL\",\"@id\":\"https:\\\/\\\/chateaudeviviez.net\\\/nl\\\/#\\\/schema\\\/logo\\\/image\\\/\",\"url\":\"https:\\\/\\\/chateaudeviviez.net\\\/wp-content\\\/uploads\\\/2016\\\/12\\\/Ch\u00e2teau-de-Viviez-logo_200.png\",\"contentUrl\":\"https:\\\/\\\/chateaudeviviez.net\\\/wp-content\\\/uploads\\\/2016\\\/12\\\/Ch\u00e2teau-de-Viviez-logo_200.png\",\"width\":200,\"height\":133,\"caption\":\"Chateau de Viviez\"},\"image\":{\"@id\":\"https:\\\/\\\/chateaudeviviez.net\\\/nl\\\/#\\\/schema\\\/logo\\\/image\\\/\"},\"sameAs\":[\"https:\\\/\\\/www.facebook.com\\\/chateaudeviviez\",\"https:\\\/\\\/www.instagram.com\\\/chateaudeviviez\\\/\"]}]}<\/script>\n<!-- \/ Yoast SEO plugin. -->","yoast_head_json":{"title":"Chateau de Viviez - Chambres d'H\u00f4tes in Viviez (Aveyron)","description":"Sfeervolle Nederlandse Chambres d'H\u00f4tes in Viviez met 5 kamers inclusief eigen sanitair. Binnenzwembad aanwezig. Table d'H\u00f4tes is mogelijk. Gratis WiFi beschikbaar.","robots":{"index":"index","follow":"follow","max-snippet":"max-snippet:-1","max-image-preview":"max-image-preview:large","max-video-preview":"max-video-preview:-1"},"canonical":"https:\/\/chateaudeviviez.net\/nl\/","og_locale":"nl_NL","og_type":"article","og_title":"Chateau de Viviez - Chambres d'H\u00f4tes in Viviez (Aveyron)","og_description":"Sfeervolle Nederlandse Chambres d'H\u00f4tes in Viviez met 5 kamers inclusief eigen sanitair. Binnenzwembad aanwezig. Table d'H\u00f4tes is mogelijk. Gratis WiFi beschikbaar.","og_url":"https:\/\/chateaudeviviez.net\/nl\/","og_site_name":"Chateau de Viviez","article_publisher":"https:\/\/www.facebook.com\/chateaudeviviez","article_modified_time":"2026-04-15T16:50:37+00:00","twitter_card":"summary_large_image","schema":{"@context":"https:\/\/schema.org","@graph":[{"@type":"WebPage","@id":"https:\/\/chateaudeviviez.net\/nl\/","url":"https:\/\/chateaudeviviez.net\/nl\/","name":"Chateau de Viviez - Chambres d'H\u00f4tes in Viviez (Aveyron)","isPartOf":{"@id":"https:\/\/chateaudeviviez.net\/nl\/#website"},"datePublished":"2016-06-09T06:43:28+00:00","dateModified":"2026-04-15T16:50:37+00:00","description":"Sfeervolle Nederlandse Chambres d'H\u00f4tes in Viviez met 5 kamers inclusief eigen sanitair. Binnenzwembad aanwezig. Table d'H\u00f4tes is mogelijk. Gratis WiFi beschikbaar.","breadcrumb":{"@id":"https:\/\/chateaudeviviez.net\/nl\/#breadcrumb"},"inLanguage":"nl-NL","potentialAction":[{"@type":"ReadAction","target":["https:\/\/chateaudeviviez.net\/nl\/"]}]},{"@type":"BreadcrumbList","@id":"https:\/\/chateaudeviviez.net\/nl\/#breadcrumb","itemListElement":[{"@type":"ListItem","position":1,"name":"Home","item":"https:\/\/chateaudeviviez.net\/nl\/"},{"@type":"ListItem","position":2,"name":"Home"}]},{"@type":"WebSite","@id":"https:\/\/chateaudeviviez.net\/nl\/#website","url":"https:\/\/chateaudeviviez.net\/nl\/","name":"Chateau de Viviez","description":"Gemeubileerd vakantie kasteel en prachtige Chamre d&rsquo;h&ocirc;tes in de Aveyron en vallei van de Lot","publisher":{"@id":"https:\/\/chateaudeviviez.net\/nl\/#organization"},"potentialAction":[{"@type":"SearchAction","target":{"@type":"EntryPoint","urlTemplate":"https:\/\/chateaudeviviez.net\/nl\/?s={search_term_string}"},"query-input":{"@type":"PropertyValueSpecification","valueRequired":true,"valueName":"search_term_string"}}],"inLanguage":"nl-NL"},{"@type":"Organization","@id":"https:\/\/chateaudeviviez.net\/nl\/#organization","name":"Chateau de Viviez","url":"https:\/\/chateaudeviviez.net\/nl\/","logo":{"@type":"ImageObject","inLanguage":"nl-NL","@id":"https:\/\/chateaudeviviez.net\/nl\/#\/schema\/logo\/image\/","url":"https:\/\/chateaudeviviez.net\/wp-content\/uploads\/2016\/12\/Ch\u00e2teau-de-Viviez-logo_200.png","contentUrl":"https:\/\/chateaudeviviez.net\/wp-content\/uploads\/2016\/12\/Ch\u00e2teau-de-Viviez-logo_200.png","width":200,"height":133,"caption":"Chateau de Viviez"},"image":{"@id":"https:\/\/chateaudeviviez.net\/nl\/#\/schema\/logo\/image\/"},"sameAs":["https:\/\/www.facebook.com\/chateaudeviviez","https:\/\/www.instagram.com\/chateaudeviviez\/"]}]}},"_links":{"self":[{"href":"https:\/\/chateaudeviviez.net\/nl\/wp-json\/wp\/v2\/pages\/27","targetHints":{"allow":["GET"]}}],"collection":[{"href":"https:\/\/chateaudeviviez.net\/nl\/wp-json\/wp\/v2\/pages"}],"about":[{"href":"https:\/\/chateaudeviviez.net\/nl\/wp-json\/wp\/v2\/types\/page"}],"author":[{"embeddable":true,"href":"https:\/\/chateaudeviviez.net\/nl\/wp-json\/wp\/v2\/users\/1"}],"replies":[{"embeddable":true,"href":"https:\/\/chateaudeviviez.net\/nl\/wp-json\/wp\/v2\/comments?post=27"}],"version-history":[{"count":5,"href":"https:\/\/chateaudeviviez.net\/nl\/wp-json\/wp\/v2\/pages\/27\/revisions"}],"predecessor-version":[{"id":2172,"href":"https:\/\/chateaudeviviez.net\/nl\/wp-json\/wp\/v2\/pages\/27\/revisions\/2172"}],"wp:attachment":[{"href":"https:\/\/chateaudeviviez.net\/nl\/wp-json\/wp\/v2\/media?parent=27"}],"curies":[{"name":"wp","href":"https:\/\/api.w.org\/{rel}","templated":true}]}}